{"id":86,"date":"2013-07-16T00:36:47","date_gmt":"2013-07-16T00:36:47","guid":{"rendered":"https:\/\/ldv.edu.ar\/wps\/?page_id=86"},"modified":"2025-03-04T23:23:21","modified_gmt":"2025-03-04T23:23:21","slug":"contacto","status":"publish","type":"page","link":"https:\/\/ldv.edu.ar\/wps\/contacto\/","title":{"rendered":"Contacto"},"content":{"rendered":"\n<p><strong>Leonardo Da Vinci:<\/strong><br><strong>Tel\u00e9fono Administraci\u00f3n:<\/strong> +54 9 3585 08-6858<br>Mail: administracion@ldv.edu.ar<br>Direcci\u00f3n: Godoy Cruz 511 &#8211; R\u00edo Cuarto.<\/p>\n\n\n\n<p>Para enviar curriculum dirigirse a: <strong>curriculumvitaeldv@gmail.com<\/strong><\/p>\n","protected":false},"excerpt":{"rendered":"<p>Leonardo Da Vinci:Tel\u00e9fono Administraci\u00f3n: +54 9 3585 08-6858Mail: administracion@ldv.edu.arDirecci\u00f3n: Godoy Cruz 511 &#8211; R\u00edo Cuarto. Para enviar curriculum dirigirse a: curriculumvitaeldv@gmail.com<\/p>\n","protected":false},"author":1,"featured_media":0,"parent":0,"menu_order":0,"comment_status":"open","ping_status":"open","template":"","meta":{"footnotes":""},"_links":{"self":[{"href":"https:\/\/ldv.edu.ar\/wps\/wp-json\/wp\/v2\/pages\/86"}],"collection":[{"href":"https:\/\/ldv.edu.ar\/wps\/wp-json\/wp\/v2\/pages"}],"about":[{"href":"https:\/\/ldv.edu.ar\/wps\/wp-json\/wp\/v2\/types\/page"}],"author":[{"embeddable":true,"href":"https:\/\/ldv.edu.ar\/wps\/wp-json\/wp\/v2\/users\/1"}],"replies":[{"embeddable":true,"href":"https:\/\/ldv.edu.ar\/wps\/wp-json\/wp\/v2\/comments?post=86"}],"version-history":[{"count":5,"href":"https:\/\/ldv.edu.ar\/wps\/wp-json\/wp\/v2\/pages\/86\/revisions"}],"predecessor-version":[{"id":3778,"href":"https:\/\/ldv.edu.ar\/wps\/wp-json\/wp\/v2\/pages\/86\/revisions\/3778"}],"wp:attachment":[{"href":"https:\/\/ldv.edu.ar\/wps\/wp-json\/wp\/v2\/media?parent=86"}],"curies":[{"name":"wp","href":"https:\/\/api.w.org\/{rel}","templated":true}]}}