{"id":711,"date":"2014-02-14T13:56:42","date_gmt":"2014-02-14T13:56:42","guid":{"rendered":"https:\/\/ldv.edu.ar\/wps\/?page_id=711"},"modified":"2014-02-14T13:56:42","modified_gmt":"2014-02-14T13:56:42","slug":"reglamentos-de-alumnos","status":"publish","type":"page","link":"https:\/\/ldv.edu.ar\/wps\/reglamentos-de-alumnos\/","title":{"rendered":"Reglamentos de Alumnos"},"content":{"rendered":"<p>&#8211; Reglamento de uso de la Libreta del Estudiante.<br \/>\n&#8211; Criterios para la fijaci\u00f3n de sanciones disciplinarias.<br \/>\n&#8211; R\u00e9gimen de Asistencia.<br \/>\n&#8211; R\u00e9gimen de Evaluaci\u00f3n y\/o Acreditaci\u00f3n.<br \/>\n&#8211; Reglamento de uso de la Biblioteca.<br \/>\n&#8211; Reglamento de uso de la Sala de Inform\u00e1tica.<\/p>\n<p><strong>&#8211; Reglamento de uso de la Libreta del Estudiante.<\/strong><\/p>\n<p>a) La Libreta del Estudiante es el \u00daNICO medio de comunicaci\u00f3n v\u00e1lido entre la familia y la escuela. Constituye un documento que el alumno DEBE mantener en \u00f3ptimas condiciones y con las firmas registradas de padres y\/o tutores.<br \/>\nb) Los alumnos no deben adulterar, cambiar o borrar firmas, notas o informaci\u00f3n en Documentos escolares. (Libreta del Estudiante u otra documentaci\u00f3n similar).<br \/>\nc) La Libreta del Estudiante permanecer\u00e1 en el Instituto y s\u00f3lo ser\u00e1 entregada al alumno si fuese necesario realizar alguna comunicaci\u00f3n a los padres y\/o tutores. Dicha Libreta debe retornar a la Instituci\u00f3n el d\u00eda h\u00e1bil inmediatamente posterior a la fecha en que fuera entregada, con la firma del padre y\/o tutor.<br \/>\nd) En el caso de que el alumno no regresase la Libreta del Estudiante en el tiempo y forma, deber\u00e1 firmar el Libro de Control de permanencia de la Libreta del Estudiante.<br \/>\ne) Cada 3 (tres) firmas en el Libro mencionado anteriormente, se aplicar\u00e1 1 (una) Acta disciplinaria. La acumulaci\u00f3n de hasta 3 (tres) actas disciplinarias equivaldr\u00e1 a 1 (una) amonestaci\u00f3n.<\/p>\n<p><strong>&#8211; Criterios para la fijaci\u00f3n de sanciones disciplinarias. <\/strong><br \/>\n<strong>(Resoluci\u00f3n D.E.M.E.S 979\/63 y Modificatorias)<\/strong><\/p>\n<p>El criterio general para la fijaci\u00f3n de sanciones disciplinarias est\u00e1 basado en la necesidad de la reparaci\u00f3n del da\u00f1o f\u00edsico o moral que se hubiere causado. La sanci\u00f3n no consiste propiamente en una reconvenci\u00f3n meramente verbal o explicativa, sino que con ella se intenta materializar las consecuencias de determinadas actitudes y conductas, a fin de que el incurrente en falta asuma la responsabilidad de las acciones que de \u00e9l dependen.<\/p>\n<p><strong>\u2022 Procedimiento para la implementaci\u00f3n de Sanciones Disciplinarias<\/strong><\/p>\n<p>a) Llamado de atenci\u00f3n por parte del docente o personal administrativo o directivo a cargo.<br \/>\nb) Eventual aislamiento f\u00edsico, en el sentido de cambiar de lugar en el aula, o ser retirado de la clase.<br \/>\nc) Labrado de un acta disciplinaria con notificaci\u00f3n a los padres de la falta, y realizaci\u00f3n de tareas compensatorias a determinar por el docente que labra el acta y\/o el cuerpo directivo.<br \/>\nd) Eventual reiteraci\u00f3n del labrado de un acta disciplinaria con notificaci\u00f3n a los padres, y la consecuente tarea compensatoria.<br \/>\ne) Eventual p\u00e9rdida de los derechos institucionales, tales como la representaci\u00f3n del colegio en eventos oficiales, participaci\u00f3n de viajes de estudios, uso en horario extraescolar de las instalaciones.<br \/>\nf) La acumulaci\u00f3n de hasta 3 (tres) actas disciplinarias equivaldr\u00e1 a 5 (cinco) amonestaciones.<br \/>\ng) Las amonestaciones se aplicar\u00e1n a los alumnos en cantidad progresiva y en forma proporcional a la gravedad de la falta cometida. El alumno que alcance 20 (veinte) amonestaciones quedar\u00e1 libre sin derecho a reincorporaci\u00f3n.<br \/>\nImportante: La reparaci\u00f3n del da\u00f1o f\u00edsico o moral, en cuanto al tipo, plazo de cumplimiento y dem\u00e1s detalles concernientes a la misma, ser\u00e1 determinada por el cuerpo directivo.<\/p>\n<p>En el caso de tratarse de faltas a las pautas anteriormente enunciadas, cometidas en grupo y de modo tal que no puedan determinarse fehacientemente las responsabilidades individuales, se aplicar\u00e1 una sanci\u00f3n de tipo colectivo, en conformidad con los criterios que rigen para las sanciones individuales.<\/p>\n<p><strong>EL ORDEN EN QUE SON PRESENTADAS ESTAS SANCIONES NO INDICA QUE DEBA RESPETARSE SU SECUENCIA.<\/strong><\/p>\n<p><strong>&#8211; R\u00e9gimen de Asistencia. (Resoluci\u00f3n D.E.M.E.S. 979\/63 y Modificatorias)<\/strong><\/p>\n<p>a) El alumno queda libre al acumular 15 faltas, sean estas justificadas o no, por lo tanto el l\u00edmite para ser considerado alumno regular es de 14 faltas y media.<br \/>\nb) La inasistencia en la jornada doble es considerada MEDIA falta por jornada (por ejemplo, si la inasistencia es en horas de la ma\u00f1ana y luego concurre normalmente a las clases de la tarde), y si falta a una jornada simple corresponde UNA falta.<\/p>\n<p>c) Se considerar\u00e1 tardanza si se llega despu\u00e9s del toque de timbre y hasta los diez minutos subsiguientes. Cada CINCO tardanzas corresponde UNA falta.<br \/>\nd) Si el alumno llegare tarde a la primera hora con un retraso de diez a veinte minutos incurrir\u00e1 en MEDIA falta; pasado ese tiempo se computar\u00e1 UNA falta.<br \/>\ne) Si se retira del colegio antes del horario de salida (por razones justificadas) corresponde MEDIA falta.<br \/>\nf) La ausencia sin autorizaci\u00f3n en cualquiera de las horas de clase corresponde MEDIA falta y ameritar\u00e1 adem\u00e1s 1 (una) sanci\u00f3n disciplinaria.<br \/>\ng) El alumno que est\u00e9 ausente no podr\u00e1 ingresar a determinadas horas de clase a rendir evaluaciones o trabajos pr\u00e1cticos, ya que su obligaci\u00f3n es estar el tiempo completo.<br \/>\nh) Si el alumno debe faltar por problemas m\u00e9dicos cuando est\u00e1 prevista una evaluaci\u00f3n, es DEBER de los padres informar debidamente a Administraci\u00f3n dentro de las 24 horas, de lo contrario corresponder\u00e1 1 (UNO) como calificaci\u00f3n en la asignatura correspondiente.<br \/>\ni) En caso de que se produzcan inasistencias colectivas a clase (se considera colectiva cuando est\u00e1 ausente por lo menos el 40% de los alumnos), se aplicar\u00e1 doble inasistencia, duplicando su n\u00famero en d\u00edas sucesivos, comput\u00e1ndose como injustificadas. (Art. 113 Bis del Reglamento General de Escuelas)<br \/>\nj) La primera reincorporaci\u00f3n (se otorgan 10 inasistencias) s\u00f3lo ser\u00e1 otorgada atendiendo a los siguientes criterios: i) las tres cuartas partes de las inasistencias justificadas; ii) decisi\u00f3n afirmativa de la mayor\u00eda absoluta de los docentes del curso y del preceptor a cargo; iii) adecuado rendimiento acad\u00e9mico general durante el ciclo lectivo, entendiendo por tal el rendimiento reflejado en el promedio general obtenido hasta el momento de llegar al m\u00e1ximo n\u00famero de faltas permitido. Dicho promedio no podr\u00e1 ser menor a 6 (seis); y iv) buena conducta.<br \/>\nk) La segunda reincorporaci\u00f3n (se otorgan 5 inasistencias) s\u00f3lo ser\u00e1 otorgada atendiendo a los siguientes criterios: i) la totalidad de las inasistencias posteriores a la primera reincorporaci\u00f3n deben estar justificadas; ii) decisi\u00f3n afirmativa de la mayor\u00eda absoluta de los docentes del curso y del preceptor a cargo; iii) adecuado rendimiento acad\u00e9mico general; y iv) buena conducta.<br \/>\nj) Asistencia a Educaci\u00f3n F\u00edsica (Resoluci\u00f3n D.E.M. 2777\/98 Inciso N\u00ba 9). Cuando las clases de Educaci\u00f3n F\u00edsica se desarrollen a contraturno, para mantener la regularidad en la disciplina: i) el alumno deber\u00e1 asistir al 80% del total de clases previstas para el per\u00edodo escolar; ii) el alumno que pierda su condici\u00f3n de regular en la disciplina por registrar una asistencia inferior, perder\u00e1 el derecho a la promoci\u00f3n, independientemente de las calificaciones obtenidas, debiendo rendir coloquio en el turno de Diciembre.<br \/>\nk) Por medio de la Libreta del Estudiante se mantendr\u00e1 informado a los padres sobre las faltas de su hijo, debiendo JUSTIFICARSE las mismas con su firma dentro de las 72 horas. En caso contrario, se computar\u00e1 como no justificada.<br \/>\nSE SOLICITA EVITAR EN LO POSIBLE LLEGAR A ESTE L\u00cdMITE.<\/p>\n<p><strong>&#8211; R\u00e9gimen de Evaluaci\u00f3n y\/o Acreditaci\u00f3n. (RES. DGIPE N\u00b0 0067\/00)<\/strong><\/p>\n<p><strong>\u2022 Pautas Generales.<\/strong><\/p>\n<p>Escala de Calificaci\u00f3n: de 1 (uno) a 10 (diez).<br \/>\nAcreditaci\u00f3n de asignatura: 6(seis) (valor m\u00ednimo de aprobaci\u00f3n en todas las instancias de evaluaci\u00f3n)<br \/>\nCalificaciones de cada Informe Mensual: nota entera<br \/>\nPromedio de cada trimestre (1\u00b0, 2\u00b0y 3\u00b0): se promedian las calificaciones de los informes mensuales sin redondear, y se expresan con 2(dos) decimales.<\/p>\n<p><strong>CICLO BASICO<\/strong><\/p>\n<p>a) Calificaci\u00f3n Final y\/o definitiva de cada asignatura: se promedian entre s\u00ed los tres trimestres y se expresan en n\u00fameros enteros o en fracciones de 50 (cincuenta) cent\u00e9simos \u00fanicamente. Toda fracci\u00f3n menor a 50 cent\u00e9simos remite a la fracci\u00f3n de 50 cent\u00e9simos, caso contrario, al n\u00famero entero inmediato superior.<br \/>\nb) Los alumnos que obtengan un promedio anual menor a 6 (seis) o que habi\u00e9ndolo obtenido, en el 3\u00b0 trimestre no alcanzan 6 (seis) puntos, participar\u00e1n del Periodo de Coloquios.<br \/>\nc) Los alumnos que no alcancen 6 (seis) puntos en el Coloquio, acceder\u00e1n a los ex\u00e1menes complementarios del turno Febrero, respondiendo a la totalidad del programa desarrollado en el a\u00f1o.<br \/>\nd) Promoci\u00f3n al curso inmediato superior :<br \/>\n1.1 ser\u00e1n promovidos al curso inmediato superior aquellos alumnos que se encuentran en las siguientes condiciones:<\/p>\n<p>1.1.1Acreditaron todas las asignaturas al finalizar el desarrollo de los tres trimestres.<br \/>\n1.1.2 Acreditaron todas las asignaturas en las instancias de coloquios y\/o en el turno de ex\u00e1menes complementario de febrero.<br \/>\n1.1.3 Transcurrido el periodo de coloquios y el turno de ex\u00e1menes complementario de febrero, no tuvieren pendiente la acreditaci\u00f3n de m\u00e1s de tres asignaturas de cualquier curso y condici\u00f3n.<br \/>\n1.2 Los alumnos que vencidas las instancias previstas para la promoci\u00f3n al curso inmediato superior y que al momento de la matricula adeuden m\u00e1s de tres disciplinas de cualquier curso y condici\u00f3n, podr\u00e1n optar por:<br \/>\n1.2.1 Repetir \u00edntegramente el a\u00f1o cursado, debiendo promover todas las disciplinas. En este caso si el alumno perdi\u00f3 la regularidad autom\u00e1ticamente adquiere la situaci\u00f3n de origen.<br \/>\n1.2.2 No repetir y completar el curso rindiendo las asignaturas que adeuda \u2013 causa de la no promoci\u00f3n &#8211; con car\u00e1cter previo libre o equivalencia, seg\u00fan corresponda para completar el curso.<br \/>\n1.2.3 Los alumnos que al momento de matricularse adeuden tres asignaturas y habi\u00e9ndose presentado a rendir no hayan aprobado al menos una de las tres disciplinas, en el turno complementario de febrero, podr\u00e1n cursar el a\u00f1o inmediato superior a condici\u00f3n de que una de las tres cumplimente con el plan de trabajo que el profesor de esa disciplina elaborar\u00e1 a tal fin, previa acta de compromiso, padre madre y\/o tutor.<br \/>\n1.2.3.1Para cumplimentar el punto anterior, el profesor deber\u00e1 preparar un plan de trabajo que exigir\u00e1 al alumno producciones escritas que se ajustar\u00e1n a las caracter\u00edsticas propias de la asignatura. El docente har\u00e1 una evaluaci\u00f3n de las mismas requiri\u00e9ndole que efect\u00fae si as\u00ed correspondiere las correcciones pertinentes.<br \/>\n1.2.3.2 El alumno deber\u00e1 cumplimentar con dos trabajos pr\u00e1cticos por trimestre, aquellos alumnos que realizaron el 80% de los trabajos podr\u00e1n acreditar dicha asignatura en instancia de coloquio.<br \/>\n1.2.3.3 De no cumplimentar con los trabajos acordados en el punto anterior el alumno deber\u00e1 acreditar la asignatura en el turno de febrero ante mesa examinadora.<br \/>\n1.2.3.4 Los supervisores y directivos de los establecimientos determinaran los tiempos institucionales en el que el profesor finalizara la devoluci\u00f3n a los alumnos de los trabajos presentados.<br \/>\n1.2.4 los alumnos que habiendo optado por la opci\u00f3n 1.2.3 al finalizar el ciclo lectivo y al momento de matricularse adeuden m\u00e1s de tres asignaturas deber\u00e1n optar por repetir integralmente el \u00faltimo a\u00f1o cursado o rendir en car\u00e1cter de previo libre las asignaturas adeudadas.<\/p>\n<p><strong>CICLO ORIENTADO<\/strong><\/p>\n<p>a) Calificaci\u00f3n Final y\/o definitiva de cada asignatura: se promedian entre s\u00ed los tres trimestres y se expresan SIN redondear con hasta 2 (dos) decimales.<br \/>\nb) Los alumnos que obtengan un promedio anual de 4 (cuatro) o m\u00e1s pero menor a 6 (seis) o que habi\u00e9ndolo obtenido, en el 3\u00b0 trimestre no alcanzan 6 (seis) puntos, participar\u00e1n del Periodo de Coloquios.<br \/>\nc) Los alumnos que no alcancen 6 (seis) puntos en el Coloquio, acceder\u00e1n a los ex\u00e1menes complementarios del turno Febrero, respondiendo a la totalidad del programa desarrollado en el a\u00f1o.<br \/>\nd) Los alumnos con promedio anual inferior a 4 (cuatro) acceder\u00e1n a los ex\u00e1menes complementarios del turno de Febrero.<br \/>\ne) Promoci\u00f3n al curso inmediato superior :<br \/>\n1.1 ser\u00e1n promovidos al curso inmediato superior aquellos alumnos que se encuentran en las siguientes condiciones:<\/p>\n<p>1.1.1Acreditaron todas las asignaturas al finalizar el desarrollo de los tres trimestres.<br \/>\n1.1.2 Acreditaron todas las asignaturas en las instancias de coloquios y\/o en el turno complementario de ex\u00e1menes de febrero.<br \/>\n1.1.3 Transcurrido el periodo de coloquios y el turno complementario de ex\u00e1menes de febrero, no tuvieren pendiente la acreditaci\u00f3n m\u00e1s de dos asignaturas de cualquier curso y condici\u00f3n.<br \/>\n1.2 Los alumnos que vencidas las instancias previstas para la promoci\u00f3n al curso inmediato superior y que al momento de la matricula adeuden m\u00e1s de tres disciplinas de cualquier curso y condici\u00f3n, podr\u00e1n optar por:<br \/>\n1.2.1 Repetir \u00edntegramente el a\u00f1o cursado, debiendo promover todas las disciplinas. En este caso si el alumno perdi\u00f3 la regularidad autom\u00e1ticamente adquiere la situaci\u00f3n de origen.<br \/>\n1.2.2 No repetir y completar el curso rindiendo las asignaturas que adeuda \u2013 causa de la no promoci\u00f3n &#8211; con car\u00e1cter previo libre o equivalencia, seg\u00fan corresponda para completar el curso.<br \/>\n1.2.3 Los alumnos que al momento de matricularse adeuden tres asignaturas y habi\u00e9ndose presentado a rendir no hayan aprobado al menos una de las tres disciplinas, en el turno complementario de febrero, podr\u00e1n cursar el a\u00f1o inmediato superior a condici\u00f3n de que una de las tres cumplimente con el plan de trabajo que el profesor de esa disciplina elaborara a tal fin, previa acta de compromiso, padre madre y\/o tutor.<br \/>\n1.2.3.1Para cumplimentar el punto anterior, el profesor deber\u00e1 preparar un plan de trabajo que exigir\u00e1 al alumno producciones escritas que se ajustar\u00e1n a las caracter\u00edsticas propias de la asignatura. El docente har\u00e1 una evaluaci\u00f3n de las mismas requiri\u00e9ndole que efect\u00fae si as\u00ed correspondiere las correcciones pertinentes.<br \/>\n1.2.3.2 El alumno deber\u00e1 cumplimentar con dos trabajos pr\u00e1cticos por trimestre, aquellos alumnos que realizaron el 80% de los trabajos podr\u00e1n acreditar dicha asignatura en instancia de coloquio.<br \/>\n1.2.3.3 De no cumplimentar con los trabajos acordados en el punto anterior el alumno deber\u00e1 acreditar la asignatura en el turno complementario de febrero ante mesa examinadora.<br \/>\n1.2.3.4 Los supervisores y directivos de los establecimientos determinaran los tiempos institucionales en el que el profesor finalizara la devoluci\u00f3n a los alumnos de los trabajos presentados.<br \/>\n1.2.4 Los alumnos que habiendo optado por la opci\u00f3n 1.2.3 al finalizar el ciclo lectivo y al momento de matricularse adeuden m\u00e1s de tres asignaturas deber\u00e1n optar por repetir integralmente el \u00faltimo a\u00f1o cursado o rendir en car\u00e1cter de previo libre las asignaturas adeudadas.<\/p>\n<p><strong>&#8211; Reglamento de uso de la Biblioteca.<\/strong><\/p>\n<p><strong>En construcci\u00f3n\u2026<\/strong><\/p>\n<p><strong>&#8211; Reglamento de uso de la Sala de Inform\u00e1tica.<\/strong><\/p>\n<p><strong>En construcci\u00f3n\u2026<\/strong><\/p>\n","protected":false},"excerpt":{"rendered":"<p>&#8211; Reglamento de uso de la Libreta del Estudiante. &#8211; Criterios para la fijaci\u00f3n de sanciones disciplinarias. &#8211; R\u00e9gimen de Asistencia. &#8211; R\u00e9gimen de Evaluaci\u00f3n y\/o Acreditaci\u00f3n. &#8211; Reglamento de uso de la Biblioteca. &#8211; Reglamento de uso de la Sala de Inform\u00e1tica. &#8211; Reglamento de uso de la Libreta del Estudiante. a) La Libreta [&hellip;]<\/p>\n","protected":false},"author":1,"featured_media":0,"parent":0,"menu_order":0,"comment_status":"closed","ping_status":"closed","template":"","meta":{"footnotes":""},"_links":{"self":[{"href":"https:\/\/ldv.edu.ar\/wps\/wp-json\/wp\/v2\/pages\/711"}],"collection":[{"href":"https:\/\/ldv.edu.ar\/wps\/wp-json\/wp\/v2\/pages"}],"about":[{"href":"https:\/\/ldv.edu.ar\/wps\/wp-json\/wp\/v2\/types\/page"}],"author":[{"embeddable":true,"href":"https:\/\/ldv.edu.ar\/wps\/wp-json\/wp\/v2\/users\/1"}],"replies":[{"embeddable":true,"href":"https:\/\/ldv.edu.ar\/wps\/wp-json\/wp\/v2\/comments?post=711"}],"version-history":[{"count":1,"href":"https:\/\/ldv.edu.ar\/wps\/wp-json\/wp\/v2\/pages\/711\/revisions"}],"predecessor-version":[{"id":712,"href":"https:\/\/ldv.edu.ar\/wps\/wp-json\/wp\/v2\/pages\/711\/revisions\/712"}],"wp:attachment":[{"href":"https:\/\/ldv.edu.ar\/wps\/wp-json\/wp\/v2\/media?parent=711"}],"curies":[{"name":"wp","href":"https:\/\/api.w.org\/{rel}","templated":true}]}}