{"id":46,"date":"2013-07-15T23:43:32","date_gmt":"2013-07-15T23:43:32","guid":{"rendered":"https:\/\/ldv.edu.ar\/wps\/?page_id=46"},"modified":"2024-05-25T23:05:54","modified_gmt":"2024-05-25T23:05:54","slug":"parque-tecnologico","status":"publish","type":"page","link":"https:\/\/ldv.edu.ar\/wps\/parque-tecnologico\/","title":{"rendered":"PARQUE E. C. TECNOL\u00d3GICO"},"content":{"rendered":"<p><strong>\u00bfQu\u00e9 es un Parque Educativo?<\/strong><\/p>\n<p>Refiere a un espacio f\u00edsico que tiene instalaciones en las que se combinan espacios al aire libre y espacios cerrados, que ofrecen al p\u00fablico que lo visita actividades de educaci\u00f3n, cultura y recreaci\u00f3n. El Parque Educativo de la Fundaci\u00f3n Leonardo Da Vinci ser\u00e1 Cient\u00edfico Tecnol\u00f3gico, sus siglas son PECT. Hablamos de Parque Educativo porque la educaci\u00f3n atravesar\u00e1 todas las actividades que se desarrollen en el Parque. La educaci\u00f3n entendida en un sentido amplio, implicando las instacias formales, no formales e informales.<br \/>\nLas acciones del Parque estar\u00e1n organizadas en tres vertientes de acci\u00f3n:<\/p>\n<p><strong>VERTIENTE EDUCATIVA:<\/strong> Se encargar\u00e1 de la formaci\u00f3n y capacitacion de recursos humanos para desarrollar tareas tecnol\u00f3gicas y cient\u00edficas, organizaci\u00f3n de eventos y actividades culturales y divulgaci\u00f3n cient\u00edfico-tecnol\u00f3gica (a trav\u00e9s del dise\u00f1o e inmplementacion de m\u00f3dulos interactivos vinculados a disciplinas cient\u00edficas como la F\u00edsica, Qu\u00edmica y Biolog\u00eda).<br \/>\n<strong>VERTIENTE TECNOL\u00d3GICA:<\/strong>\u00a0Supone la realizaci\u00f3n de procesos tecnol\u00f3gicos que permitan resolver la demanda de empresas pertenecientes a diferentes rubros. El objetivo es apoyar la creaci\u00f3n de nuevas alternativas educativas para vincular la educacion b\u00e1sica y la capacitaci\u00f3n para el trabajo.<br \/>\n<strong>VERTIENTE CIENT\u00edFICA:<\/strong>\u00a0Supone la realizaci\u00f3n de investigaciones cient\u00edficas en diferentes disciplinas para el desarrollo de procesos tecnol\u00f3gicos y optimizaci\u00f3n de los procesos educativos.<\/p>\n<p><strong>DOMOS<\/strong><\/p>\n<p>Queremos contarles que con los alumnos de 4to y 5 to a\u00f1o del nivel medio del Instituto Leonardo Da Vinci hemos comenzado a construir los Domos en los que se desarrollar\u00e1n las actividades del Parque Educativo.<br \/>\nLos Domos son estructuras esf\u00e9ricas y geod\u00e9sicas de gran porte. La liviandad de sus elementos y su excelente resistencia a las m\u00e1s extremas exigencias debido a su forma aerodin\u00e1mica y a la alta calidad de los materiales empleados los convierte en ambientes \u00fanicos. Su dise\u00f1o matem\u00e1tico y los elementos repetitivos que se aplican, logran un ensamblado eficaz y r\u00e1pido con una disposici\u00f3n tal que se generan estructuras extremadamente livianas de una solidez notable con \u00f3ptimo comportamiento. Este tipo de estructuras han sido empleadas en la megamuestra de Ciencia, Tecnolog\u00eda y Arte llamada TECN\u00d3POLIS.<\/p>\n<p><strong>Representante Legal Fundaci\u00f3n Leonardo Da Vinci<br \/>\nDra. Lorena Pedruzzi<\/strong><br \/>\n<strong>E-mail: lpedruzzi@ldv.edu.ar<\/strong><\/p>\n","protected":false},"excerpt":{"rendered":"<p>\u00bfQu\u00e9 es un Parque Educativo? Refiere a un espacio f\u00edsico que tiene instalaciones en las que se combinan espacios al aire libre y espacios cerrados, que ofrecen al p\u00fablico que lo visita actividades de educaci\u00f3n, cultura y recreaci\u00f3n. El Parque Educativo de la Fundaci\u00f3n Leonardo Da Vinci ser\u00e1 Cient\u00edfico Tecnol\u00f3gico, sus siglas son PECT. Hablamos [&hellip;]<\/p>\n","protected":false},"author":1,"featured_media":0,"parent":0,"menu_order":0,"comment_status":"open","ping_status":"open","template":"","meta":{"footnotes":""},"_links":{"self":[{"href":"https:\/\/ldv.edu.ar\/wps\/wp-json\/wp\/v2\/pages\/46"}],"collection":[{"href":"https:\/\/ldv.edu.ar\/wps\/wp-json\/wp\/v2\/pages"}],"about":[{"href":"https:\/\/ldv.edu.ar\/wps\/wp-json\/wp\/v2\/types\/page"}],"author":[{"embeddable":true,"href":"https:\/\/ldv.edu.ar\/wps\/wp-json\/wp\/v2\/users\/1"}],"replies":[{"embeddable":true,"href":"https:\/\/ldv.edu.ar\/wps\/wp-json\/wp\/v2\/comments?post=46"}],"version-history":[{"count":10,"href":"https:\/\/ldv.edu.ar\/wps\/wp-json\/wp\/v2\/pages\/46\/revisions"}],"predecessor-version":[{"id":2653,"href":"https:\/\/ldv.edu.ar\/wps\/wp-json\/wp\/v2\/pages\/46\/revisions\/2653"}],"wp:attachment":[{"href":"https:\/\/ldv.edu.ar\/wps\/wp-json\/wp\/v2\/media?parent=46"}],"curies":[{"name":"wp","href":"https:\/\/api.w.org\/{rel}","templated":true}]}}