{"id":2161,"date":"2018-04-09T19:35:29","date_gmt":"2018-04-09T19:35:29","guid":{"rendered":"https:\/\/ldv.edu.ar\/wps\/?page_id=2161"},"modified":"2018-04-09T19:35:29","modified_gmt":"2018-04-09T19:35:29","slug":"acuerdo-de-convivencia-del-primario","status":"publish","type":"page","link":"https:\/\/ldv.edu.ar\/wps\/acuerdo-de-convivencia-del-primario\/","title":{"rendered":"Acuerdo de Convivencia del Primario"},"content":{"rendered":"<p><em>\u201cEl conflicto es un modo de comunicaci\u00f3n y una parte inevitable de nuestras vidas. Resulta inherente al proceso de cambio dentro de los individuos y en el seno de la sociedad, proceso que todas las personas pueden aprender a abordar creativamente. La educaci\u00f3n sobre el conflicto constituye una parte esencial de la educaci\u00f3n en la paz y debe ser materia de inter\u00e9s para todos los educadores, tanto en la esfera de la educaci\u00f3n formal como en la informal. Posee consecuencias para una escolarizaci\u00f3n agradable y eficaz, para el desarrollo de relaciones comunitarias armoniosas basadas (\u2026) en un compromiso con la justicia social, y para la meta a largo plazo de unas relaciones internacionales pac\u00edficas en donde ya no se considere la guerra como un medio aceptable de soluci\u00f3n de una disputa.\u201d <\/em><\/p>\n<p><strong><em>Jen Burnley. Conflicto.<\/em><\/strong><\/p>\n<p>&nbsp;<\/p>\n<p><strong>QUERIDA COMUNIDAD EDUCATIVA<\/strong><\/p>\n<p><strong>INSTITUTO LEONARDO DA VINCI<\/strong><\/p>\n<p>&nbsp;<\/p>\n<p>Como ya saben estamos dando los primeros grandes pasos como nivel educativo. Reci\u00e9n este a\u00f1o, 2016, completamos el primario al abrir sexto grado.<\/p>\n<p>Cada d\u00eda, cada momento nos disponemos a aprender, desaprender, ser, hacer y convivir. Sabemos que esto \u00faltimo es complejo y requiere de una participaci\u00f3n activa en la construcci\u00f3n de acuerdos y una apertura que celebre el di\u00e1logo como espacio fundamental para la resoluci\u00f3n de conflictos.<\/p>\n<p>La elaboraci\u00f3n de los Acuerdos Escolares de Convivencia fue un nuevo paso de crecimiento institucional que nos brind\u00f3 la oportunidad de encuentro, reflexi\u00f3n y an\u00e1lisis de nuestra vida institucional para plasmar por escrito aquello que ven\u00edamos haciendo de manera informal. En su construcci\u00f3n agudizamos la mirada pedag\u00f3gica y de resguardo de derechos, no olvidando que el fin de la escuela es la formaci\u00f3n, por lo tanto es necesario romper con la l\u00f3gica punitiva y sancionadora. El Acuerdo se constituye entonces en una herramienta formativa para que todos \/as los que conformamos la Comunidad Davinciana tengamos criterios comunes al momento de resolver conflictos.<\/p>\n<p>De alguna manera Todos\/as hemos participado en la redacci\u00f3n de este acuerdo, y dado que \u201cla convivencia no es algo est\u00e1tico, sino que es una construcci\u00f3n colectiva y din\u00e1mica, sujeta a modificaciones conforme var\u00edan las interrelaciones de los actores en el tiempo\u201d<a href=\"#_ftn1\" name=\"_ftnref1\">[1]<\/a> es que a partir de ahora nos toca llevarlo a cabo de manera coherente y volver a generar espacios de di\u00e1logo, intercambio y autocr\u00edtica para modificar aquellas cuestiones que consideremos necesarias.<\/p>\n<p>&nbsp;<\/p>\n<p>Patricia Sagastume<\/p>\n<p>Directora. Nivel Inicial y Primario.<\/p>\n<p><a href=\"#_ftnref1\" name=\"_ftn1\">[1]<\/a> Banz, Cecilia (2008). \u201cConvivencia Escolar\u201d, Valoras-UC, Santiago, P\u00e1g. 2.<\/p>\n<p>&nbsp;<\/p>\n<p>&nbsp;<\/p>\n<p><strong><u>ACUERDO ESCOLAR DE CONVIVENCIA<\/u><\/strong><\/p>\n<p>&nbsp;<\/p>\n<p><strong><em><u>RESE\u00d1A DEL TRABAJO INSTITUCIONAL<\/u><\/em><\/strong><\/p>\n<ol>\n<li><strong>Presentaci\u00f3n del Acuerdo Escolar de Convivencia \u2013 AEC-. <\/strong><\/li>\n<\/ol>\n<p>&nbsp;<\/p>\n<p>Como <strong><em>equipo directivo del Instituto Leonardo Da Vinci<\/em><\/strong> presentamos a continuaci\u00f3n el <strong><em>Acuerdo Escolar de Convivencia \u2013AEC<\/em><\/strong>-, producto que hemos\u00a0 acordado durante las etapas de elaboraci\u00f3n y re-elaboraci\u00f3n por parte de todos los miembros que componen la comunidad del Leonardo Da Vinci.<\/p>\n<p>En este sentido, la <em>Representante Legal. <\/em>Lorena Pedruzzi<em> y el <\/em>Equipo Directivo:<\/p>\n<p><em>Directora:<\/em> Prof. Patricia Sagastume,\u00a0 <em>Psicopedagoga:<\/em> Lic. Mar\u00eda Fernanda Savini, deseamos dejar explicitado en el mismo los <strong>\u201cideales y principios\u201d davincianos para repensar la \u201cEDUCACI\u00d3N\u201d en un sentido general<\/strong>. (Ver anexo).<\/p>\n<p>&nbsp;<\/p>\n<ol start=\"2\">\n<li><strong>Comienzo del proceso de producci\u00f3n. <\/strong><\/li>\n<\/ol>\n<p>La elaboraci\u00f3n del Acuerdo Escolar de Convivencia \u2013AEC- permite realizar un an\u00e1lisis y una reflexi\u00f3n del recorrido hist\u00f3rico.\u00a0 El nivel inicial nace en el a\u00f1o 2011, funcionando en la Escuela Infantil Santa In\u00e9s, con sala de 5 a\u00f1os. En el 2012 la sala de 5 se traslada\u00a0 al edificio de la Avda. Godoy Cruz 511, lugar donde funciona el nivel secundario desde 2010 (cabe mencionar que dicho nivel nace en el a\u00f1o 1992). El motivo del traslado es que ese a\u00f1o se inaugura el nivel primario abriendo primero y segundo grado y a partir de all\u00ed a\u00f1o tras a\u00f1o se abren cursos conforme el avance de los estudiantes, hasta que finalmente en el presente a\u00f1o se completa el ciclo de nivel primario.<\/p>\n<p>Desde el a\u00f1o pasado (2015) se est\u00e1 trabajando en los diferentes instrumentos que van a propiciar la toma de informaci\u00f3n para la construcci\u00f3n de los AEC. Contar con el antecedente del nivel secundario facilit\u00f3 el trabajo de elaboraci\u00f3n.<\/p>\n<p>&nbsp;<\/p>\n<p>En una primera instancia, es el equipo directivo quien se familiariza con el material, para luego presentarlo al equipo docente.<\/p>\n<p>Una vez socializado, se invita a los docentes a formar un equipo conjuntamente con el directivo para responsabilizarse de la coordinaci\u00f3n, armado y sistematizaci\u00f3n del AEC. El equipo qued\u00f3 conformado por dos docentes, la psicopedagoga, la directora y la Representante legal del instituto.<\/p>\n<p>Lo primero que se realiz\u00f3 fue la lectura de la documentaci\u00f3n enviada por el Ministerio de Educaci\u00f3n de la Provincia para entender el para qu\u00e9 y el c\u00f3mo se deb\u00eda ir construyendo el AEC, y a su vez pensar y repensar sentidos y procesos particulares desde todos los agentes involucrados en la Instituci\u00f3n.<\/p>\n<p>Se arrib\u00f3 a la conclusi\u00f3n de que la instituci\u00f3n <strong><em>no pose\u00eda acuerdos de convivencia<\/em><\/strong>, sino s\u00f3lo normas de funcionamiento que legitimaban qu\u00e9 era lo permitido y qu\u00e9 la transgresi\u00f3n en funci\u00f3n de tiempos y espacios, ya que en la medida que se presentaban situaciones, las mismas se iban resolviendo de acuerdo a la especificidad, m\u00e1s no se generalizaba. Esto dificult\u00f3 el proceso de consulta ya que no ten\u00edamos un documento sobre el cual basarnos para realizar un an\u00e1lisis y\/o adecuaci\u00f3n del mismo. En este sentido, se decidi\u00f3 repensar c\u00f3mo eran las pr\u00e1cticas instituidas vinculadas a la convivencia en nuestra instituci\u00f3n y a partir de all\u00ed se arm\u00f3 un documento que sirvi\u00f3 de referencia para realizar las consultas a los distintos sectores involucrados \u2013estudiantes, docentes, padres, auxiliares, docentes de apoyo, administrativos, directivos-.<\/p>\n<p><a href=\"https:\/\/ldv.edu.ar\/wps\/acuerdo-de-convivencia-del-primario\/dsc_1361\/\" rel=\"attachment wp-att-2162\"><img loading=\"lazy\" decoding=\"async\" class=\"alignright size-full wp-image-2162\" src=\"https:\/\/ldv.edu.ar\/wps\/wp-content\/uploads\/2018\/04\/DSC_1361.jpg\" alt=\"\" width=\"6000\" height=\"4000\" srcset=\"https:\/\/ldv.edu.ar\/wps\/wp-content\/uploads\/2018\/04\/DSC_1361.jpg 6000w, https:\/\/ldv.edu.ar\/wps\/wp-content\/uploads\/2018\/04\/DSC_1361-300x200.jpg 300w, https:\/\/ldv.edu.ar\/wps\/wp-content\/uploads\/2018\/04\/DSC_1361-768x512.jpg 768w, https:\/\/ldv.edu.ar\/wps\/wp-content\/uploads\/2018\/04\/DSC_1361-1024x683.jpg 1024w\" sizes=\"(max-width: 6000px) 100vw, 6000px\" \/><\/a>Se arm\u00f3 una encuesta para realizar consultas, en primer lugar, a los docentes, docentes integradoras, auxiliares, personal administrativo, directivos, representantes legales, etc. que forman parte de la escuela.<\/p>\n<ol>\n<li><strong><em>Convocatoria y consulta a las familias y a los estudiantes.<\/em><\/strong><\/li>\n<\/ol>\n<p><strong><em>\u00bfC\u00f3mo se realizaron estas consultas? <\/em><\/strong>Con el documento elaborado se escribi\u00f3 un formulario de consulta con algunos aspectos considerados en el documento y solicit\u00e1ndoles a los integrantes de la comunidad educativa una apreciaci\u00f3n con algunos aspectos que a nuestra consideraci\u00f3n no pod\u00edan faltan dentro del AEC.<\/p>\n<p><strong><em>\u00bfA qui\u00e9nes se realizaron estas consultas? <\/em><\/strong>Las consultas se realizaron al personal docente, directivo, administrativo, maestranza y maestras integradoras y a todos los padres de los estudiantes (desde sala de 5 a sexto grado).<\/p>\n<p>Con respecto a la consulta a los alumnos, los procedimientos fueron diferentes de acuerdo a la edad. En general se utiliz\u00f3 el espacio institucional de Convivencia para conversar acerca de aspectos que ellos consideran importante para lograr una buena convivencia, en relaci\u00f3n a lo que ocurre en el aula, en los recreos, \u00e1reas especiales, como partes interesadas de muchas de las situaciones en las que se suscitan conflictos.<\/p>\n<p><strong><em>\u00bfA qu\u00e9 conclusiones se llegaron? <\/em><\/strong>\u00a0Las familias en su mayor\u00eda acordaron con los puntos planteados en la encuesta, en el espacio de las sugerencias plantearon cuestiones que tienen que ver con el funcionamiento y aspectos vinculados a cuestiones de organizaci\u00f3n. Los <strong><em>docentes<\/em><\/strong> expresaron, aspectos vinculados tanto a las familias, como al equipo directivo y alumnos. En relaci\u00f3n a los adultos plantearon cuestiones vinculadas a las formas de comunicaci\u00f3n, horarios, responsabilidades. Mientras que en relaci\u00f3n a los estudiantes se mostraron conformes con la manera institucional de resolver situaciones de conflictos, realizaron aportes respecto de nuevos recursos para el sostenimiento de herramientas que hayan funcionado.<\/p>\n<p>&nbsp;<\/p>\n<p>La experiencia fue enriquecedora y nos permiti\u00f3 repensarnos como instituci\u00f3n, confrontar ideas, fundamentarlas, reencontrarnos con los alumnos y padres desde otro lugar. Nos permiti\u00f3 diferenciar algunos aspectos, por ejemplo, normas de funcionamiento y acuerdos de convivencia.\u00a0 Por otro lado, descubrimos la dificultad que existe para hacer una mirada atendiendo a la complejidad institucional y social y que no se centre s\u00f3lo en aspectos particulares\u00a0 (esto \u00faltimo no s\u00f3lo en padres y docentes, sino tambi\u00e9n en los estudiantes) y tambi\u00e9n la dificultad para problematizar quedando algunas confrontaciones que se polarizan. Estas dificultades nos permitieron crecer institucionalmente, ya que se pudieron resolver y pudimos llegar a la realizaci\u00f3n de este acuerdo marco.\u00a0\u00a0 El desaf\u00edo va a ser poner en pr\u00e1ctica el marco de convivencia apuntando a mejorar la din\u00e1mica y que la misma sea un encuadre que sostenga procesos de aprendizajes cualitativamente m\u00e1s consistentes y sostener pr\u00e1cticas que\u00a0 permitan el adecuado fluir de las resoluciones pac\u00edfica de conflicto en pos de que la Convivencia sea lo suficientemente apropiada para propiciar procesos de aprendizajes interesantes en nuestros estudiantes y tambi\u00e9n en la totalidad de la instituci\u00f3n educativa.<\/p>\n<p>&nbsp;<\/p>\n<p>&nbsp;<\/p>\n<p>&nbsp;<\/p>\n<p>&nbsp;<\/p>\n<p>&nbsp;<\/p>\n<p>&nbsp;<\/p>\n<p><strong><em><u>NORMAS DE CONVIVENCIA<\/u><\/em><\/strong><\/p>\n<p>A continuaci\u00f3n, se desarrolla el <strong><em>Acuerdo Escolar de Convivencia \u2013AEC<\/em><\/strong>&#8211; teniendo en cuenta que para poder construir hay que cuestionar cr\u00edticamente lo instituido pensando en <strong><em>\u00bfqui\u00e9nes queremos ser?, \u00bfen qu\u00e9 mundo queremos vivir? y \u00bfqu\u00e9 lugar ocupa el otro para m\u00ed y en este mundo?<\/em><\/strong>\u00a0 seg\u00fan el rol y\/o funciones que los sujetos desarrollan en la instituci\u00f3n escolar. Este Acuerdo ser\u00e1 revisado cada (03) tres a\u00f1os modific\u00e1ndose o ratific\u00e1ndose parcial o totalmente en relaci\u00f3n a las necesidades requeridas.<\/p>\n<p>Los valores que hemos privilegiado trabajar en esta primera instancia son: <strong>di\u00e1logo, respeto, responsabilidad, compromiso, aceptaci\u00f3n<\/strong>.<\/p>\n<p><strong>\u00a0<\/strong><\/p>\n<ul>\n<li>El di\u00e1logo ser\u00e1, en todos los casos, la primera herramienta de resoluci\u00f3n de conflictos; se propiciar\u00e1 un trato cordial y respetuoso entre los actores de la instituci\u00f3n, no se aceptar\u00e1n, vocabulario inadecuado, tonos de voz elevados, gestos inapropiados y ning\u00fan tipo de violencia entre sus miembros.<\/li>\n<li>Los canales y formas de comunicaci\u00f3n ser\u00e1n los adecuados y oportunos, por lo que se solicita realizar los pedidos de las necesidades antes quienes corresponda y en el espacio apropiado, no se aceptar\u00e1n quejas, enojos, pedidos y\/o solicitudes fuera de contexto.<\/li>\n<li>El respeto es fundamental para ser part\u00edcipes activos en la construcci\u00f3n de una comunidad educativa inclusiva, por lo que no se aceptar\u00e1n cargadas, bromas, descalificaciones, discriminaci\u00f3n y\/o indiferencia cuando las mismas atenten contra la integridad f\u00edsica, emocional y ps\u00edquica del otro.<\/li>\n<li>En relaci\u00f3n a la responsabilidad, se respetar\u00e1n los horarios establecidos para el ingreso, salida, como as\u00ed tambi\u00e9n viajes y otros eventos organizados desde la instituci\u00f3n. No se permitir\u00e1n demoras excesivas en los ingresos, en las salidas y\/o eventos organizados.<\/li>\n<li>El compromiso con lo propio y lo de todos, requiere de cuidar el espacio y el mobiliario de la instituci\u00f3n; no se permitir\u00e1n acciones u omisiones que da\u00f1en el espacio f\u00edsico y el mobiliario, como rayar, romper, sacar sin permiso, etc.<\/li>\n<li>Respetar a los otros y hacerse respetar frente a los otros, por lo tanto, no se aceptar\u00e1 violencia de ning\u00fan tipo (verbal, psicol\u00f3gica, f\u00edsica, simb\u00f3lica, etc.) ni aceptaci\u00f3n pasiva de la misma.<\/li>\n<li>Reconocer, aceptar y respetar las diferentes identidades sexuales, religiosas, ideol\u00f3gicas, \u00e9tnicas, culturales, socio-econ\u00f3micas, etc. No se aceptar\u00e1n iron\u00edas, bromas, comentarios y alg\u00fan otro tipo de violencia\u00a0 que descalifique alguna de las identidades<\/li>\n<li>Reconocer, aceptar y respetar el propio cuerpo y el del otro. No se aceptar\u00e1n comportamientos que da\u00f1en f\u00edsica, ps\u00edquica ni emocionalmente a uno mismo y ni al otro.<\/li>\n<\/ul>\n<p>&nbsp;<\/p>\n<p><strong><em><u>ACCIONES ANTE EL INCUMPLIMIENTO DE LAS NORMAS ACORDADAS.<\/u><\/em><\/strong><\/p>\n<p><a href=\"https:\/\/ldv.edu.ar\/wps\/acuerdo-de-convivencia-del-primario\/ccea10bb-ad82-46d4-9a82-d7eaac7d925f\/\" rel=\"attachment wp-att-2163\"><img loading=\"lazy\" decoding=\"async\" class=\"alignright size-full wp-image-2163\" src=\"https:\/\/ldv.edu.ar\/wps\/wp-content\/uploads\/2018\/04\/ccea10bb-ad82-46d4-9a82-d7eaac7d925f.jpg\" alt=\"\" width=\"1280\" height=\"960\" srcset=\"https:\/\/ldv.edu.ar\/wps\/wp-content\/uploads\/2018\/04\/ccea10bb-ad82-46d4-9a82-d7eaac7d925f.jpg 1280w, https:\/\/ldv.edu.ar\/wps\/wp-content\/uploads\/2018\/04\/ccea10bb-ad82-46d4-9a82-d7eaac7d925f-300x225.jpg 300w, https:\/\/ldv.edu.ar\/wps\/wp-content\/uploads\/2018\/04\/ccea10bb-ad82-46d4-9a82-d7eaac7d925f-768x576.jpg 768w, https:\/\/ldv.edu.ar\/wps\/wp-content\/uploads\/2018\/04\/ccea10bb-ad82-46d4-9a82-d7eaac7d925f-1024x768.jpg 1024w\" sizes=\"(max-width: 1280px) 100vw, 1280px\" \/><\/a><\/p>\n<p>En toda situaci\u00f3n y en consonancia con lo expresado hasta el momento, la primera acci\u00f3n a realizar es apelar al di\u00e1logo. Sin di\u00e1logo no hay conciencia y el comportamiento tiene que ser producto de una conciencia cr\u00edtica y no del miedo a la sanci\u00f3n.<\/p>\n<p>La aplicaci\u00f3n de un sistema reparador favorecer\u00e1 la b\u00fasqueda permanente del di\u00e1logo, mediaci\u00f3n, y otras alternativas de resoluci\u00f3n pac\u00edfica de conflictos. Debe promoverse el reconocimiento del conflicto como inherente a la interrelaci\u00f3n entre personas y como dispositivo central para el cambio y crecimiento. Deben transformarse las soluciones del conflicto en actos educativos.<\/p>\n<p>Las transgresiones o faltas pueden calificarse en leves, moderadas o graves.\u00a0\u00a0Ser\u00e1n\u00a0<strong>faltas leves<\/strong>\u00a0si no alteran de modo severo la cotidianeidad \u00e1ulica, ni tampoco da\u00f1en el patrimonio o la imagen del mismo, ni la subjetividad de las personas involucradas en la instituci\u00f3n. En segundo lugar, se considera\u00a0<strong>falta <\/strong><strong>moderada<\/strong> la que altera moderadamente los valores antes expresados, dicho da\u00f1o es reparable.\u00a0Finalmente, ser\u00e1n\u00a0<strong>Faltas Graves<\/strong> las que s\u00ed afecten y da\u00f1en trascendentalmente tales valores con escasa o nula posibilidad de reparaci\u00f3n (servicio educativo, patrimonio, imagen institucional, subjetividad de uno o varios miembros de la comunidad educativa, etc.). La\u00a0<strong>gravedad<\/strong>\u00a0de una falta alterar\u00e1 considerablemente los valores y se evaluar\u00e1 tomando en cuenta las condiciones siguientes:<\/p>\n<ul>\n<li>las circunstancias y formas de su comisi\u00f3n;<\/li>\n<li>la concurrencia de varias faltas;<\/li>\n<li>la participaci\u00f3n de una o m\u00e1s personas;<\/li>\n<li>los efectos que la falta produce; y<\/li>\n<li>el rol desempe\u00f1ado por el autor de la falta.<\/li>\n<\/ul>\n<p>Las sanciones a aplicarse son:<\/p>\n<ol>\n<li><u>Apercibimiento oral<\/u>: Se trata de un llamado de atenci\u00f3n ante faltas leves. Puede ser aplicado en forma directa por el personal docente, cuando el incumplimiento de la norma proviene del estudiante, con informaci\u00f3n posterior a la autoridad a cargo, quien llevar\u00e1 el registro de las mismas y notificar\u00e1 a las familias. Ser\u00e1 aplicado por los directivos y\/o representantes legales cuando el incumplimiento provenga de un docente, no docentes o directivos.<\/li>\n<li><u>Apercibimiento escrito<\/u>: Ante faltas m\u00e1s serias o cuando se reincide en una falta que mereci\u00f3 el apercibimiento oral, se aplicar\u00e1 el apercibimiento escrito, que consiste en dejar constancia escrita con notificaci\u00f3n del estudiante y sus padres. Se informar\u00e1 a las autoridades cuando se aplique esta sanci\u00f3n. El mismo procedimiento de dejar constancia escrita de la falta cuando a la misma la haya cometido un docente, no docente o directivo.<\/li>\n<\/ol>\n<ul>\n<li><u>Realizaci\u00f3n de acciones reparadoras en beneficio de la comunidad escolar<\/u>:<\/li>\n<\/ul>\n<p>Estas acciones deben guardar relaci\u00f3n con el da\u00f1o causado promoviendo la reparaci\u00f3n por parte del que transgredi\u00f3 la norma. Se ejecutan bajo la orientaci\u00f3n de un directivo\/docente, mediando previa conformidad de las partes y fehaciente notificaci\u00f3n a los padres del estudiante. La propuesta elaborada por el \u00e9ste o por las autoridades no debe interferir en el cumplimiento normal de las obligaciones pedag\u00f3gicas.<\/p>\n<p>Al aplicarse esta modalidad debe cuidarse especialmente de no tergiversar su sentido \u00e9tico y pedag\u00f3gico, para posibilitar la concreci\u00f3n de las finalidades del Sistema de Convivencia que son educar en el desarrollo de la responsabilidad individual, colectiva y solidaria y en la toma de conciencia de los propios actos.<\/p>\n<ol>\n<li><u>Sanciones Experienciales<\/u>:<\/li>\n<\/ol>\n<p>Debe promoverse la voluntad de aprender y ense\u00f1ar sobre el incumplimiento de la norma. Se ejecuta mediante actos pedag\u00f3gicos a trav\u00e9s de los cuales los alumnos involucrados podr\u00e1n investigar, organizar una clase, una charla, un debate, etc. que permita reflexionar sobre el comportamiento inadecuado.<\/p>\n<p><u>\u00a0<\/u><\/p>\n<p><u>\u00a0<\/u><\/p>\n<ol>\n<li><u> Sanciones de contrato de cambio<\/u>:<\/li>\n<\/ol>\n<p>Las mismas se implementar\u00e1n con la elaboraci\u00f3n de un acuerdo escrito en donde las personas involucradas se comprometen a realizar los cambios que satisfaga a todas las partes. Estas situaciones pueden darse bajo el proyecto educativo de Mediaci\u00f3n entre pares, ya que son personas reconocidas y legitimadas en la instituci\u00f3n.<\/p>\n<p>Por otro lado, en caso de que el sancionado no cumpla de manera total o adecuada con las sanciones previstas y acordadas entre las partes, se aplicar\u00e1n de manera directa las sanciones vigentes en nuestra legislaci\u00f3n escolar.<\/p>\n<p>&nbsp;<\/p>\n<p>&nbsp;<\/p>\n<p><strong><em><u>ESTRATEGIAS DE SOSTENIMIENTO DEL AEC:<\/u><\/em><\/strong><\/p>\n<p>En primer lugar y en relaci\u00f3n a la presentaci\u00f3n del AEC ser\u00e1 necesario que todos los integrantes de la comunidad educativa lo conozcan y permitan tal conocimiento al personal que estar\u00e1 a cargo del sostenimiento.<\/p>\n<p>Esto se puede dar en plenarios docentes, reuniones con las familias y espacios pedag\u00f3gicos, tales como Identidad y Convivencia; y Ciudadan\u00eda y Participaci\u00f3n.<\/p>\n<p>Una vez conocido por todos, ser\u00e1 necesario poder organizar los tiempos y espacios necesarios para retomar situaciones y realizar las evaluaciones pertinentes en relaci\u00f3n a, por ejemplo, sanciones.<\/p>\n<p>Se aprovechar\u00e1n, y se los consideramos fundamentales, en cada grado los espacios curriculares de \u201cCiudadan\u00eda y Participaci\u00f3n\u201d e \u201cIdentidad y Convivencia\u201d, sin embargo, tambi\u00e9n se sostendr\u00e1 en el espacio institucional de Convivencia para poder seguir trabajando con los valores y acuerdos necesarios que permitan en otras instancias revisar y repensar.<\/p>\n<p>Por otro lado, se generar\u00e1n en las reuniones y encuentros escuela-familia espacios de reflexi\u00f3n en torno a los AEC, y si fueran necesarios se habilitar\u00e1n nuevos encuentros.<\/p>\n<p>Tenemos previstos realizar encuentro con las familias y tomar fechas especiales para darle continuidad sistem\u00e1tica, por ejemplo, D\u00eda de la Palabra, d\u00eda de la no violencia en espacios p\u00fablicos, d\u00eda de la Mujer, etc.<\/p>\n","protected":false},"excerpt":{"rendered":"<p>\u201cEl conflicto es un modo de comunicaci\u00f3n y una parte inevitable de nuestras vidas. Resulta inherente al proceso de cambio dentro de los individuos y en el seno de la sociedad, proceso que todas las personas pueden aprender a abordar creativamente. La educaci\u00f3n sobre el conflicto constituye una parte esencial de la educaci\u00f3n en la [&hellip;]<\/p>\n","protected":false},"author":1,"featured_media":0,"parent":0,"menu_order":0,"comment_status":"closed","ping_status":"closed","template":"","meta":{"footnotes":""},"_links":{"self":[{"href":"https:\/\/ldv.edu.ar\/wps\/wp-json\/wp\/v2\/pages\/2161"}],"collection":[{"href":"https:\/\/ldv.edu.ar\/wps\/wp-json\/wp\/v2\/pages"}],"about":[{"href":"https:\/\/ldv.edu.ar\/wps\/wp-json\/wp\/v2\/types\/page"}],"author":[{"embeddable":true,"href":"https:\/\/ldv.edu.ar\/wps\/wp-json\/wp\/v2\/users\/1"}],"replies":[{"embeddable":true,"href":"https:\/\/ldv.edu.ar\/wps\/wp-json\/wp\/v2\/comments?post=2161"}],"version-history":[{"count":2,"href":"https:\/\/ldv.edu.ar\/wps\/wp-json\/wp\/v2\/pages\/2161\/revisions"}],"predecessor-version":[{"id":2165,"href":"https:\/\/ldv.edu.ar\/wps\/wp-json\/wp\/v2\/pages\/2161\/revisions\/2165"}],"wp:attachment":[{"href":"https:\/\/ldv.edu.ar\/wps\/wp-json\/wp\/v2\/media?parent=2161"}],"curies":[{"name":"wp","href":"https:\/\/api.w.org\/{rel}","templated":true}]}}